{"id":588,"date":"2024-09-27T15:40:07","date_gmt":"2024-09-27T13:40:07","guid":{"rendered":"https:\/\/feedingfarm.com\/?page_id=588"},"modified":"2024-11-13T18:05:59","modified_gmt":"2024-11-13T17:05:59","slug":"privacy-policy","status":"publish","type":"page","link":"https:\/\/feedingfarm.com\/pt-pt\/privacy-policy\/","title":{"rendered":"Privacy Policy"},"content":{"rendered":"\n  <div id=\"page-header-1224729822\" class=\"page-header-wrapper\">\n  <div class=\"page-title dark featured-title\">\n\n    \n    <div class=\"page-title-inner container align-center flex-row medium-flex-wrap\" >\n              <div class=\"title-wrapper flex-col text-left medium-text-center\">\n          <h1 class=\"entry-title mb-0\">\n            Privacy Policy          <\/h1>\n        <\/div>\n                    <div class=\"title-content flex-col flex-right text-right medium-text-center\">\n        <div class=\"title-breadcrumbs pb-half pt-half\"><\/div>      <\/div>\n    <\/div>\n\n       <\/div>\n    <\/div>\n  \n\n<div class=\"row\"  id=\"row-1493407865\">\n\n\n\t<div id=\"col-654525596\" class=\"col small-12 large-12\"  >\n\t\t\t\t<div class=\"col-inner\"  >\n\t\t\t\n\t\t\t\n\n<p>A PTM S.r.l. considera a privacidade dos usu\u00e1rios essencial e garante que o processamento dos dados pessoais inseridos, coletados e utilizados atrav\u00e9s do site <a href=\"http:\/\/www.ptmsrl.com\" target=\"_new\" rel=\"noopener\">www.ptmsrl.com<\/a> seja realizado em conformidade com os direitos das pessoas envolvidas, em particular no que se refere \u00e0 privacidade, prote\u00e7\u00e3o da identidade pessoal e direito \u00e0 prote\u00e7\u00e3o dos dados pessoais, de acordo com o Regulamento (UE) 2016\/679 (Regulamento Geral sobre a Prote\u00e7\u00e3o de Dados \u2013 doravante &#8220;GDPR&#8221;).<\/p>\n<p>Esta Pol\u00edtica de Privacidade \u00e9 equivalente \u00e0 pol\u00edtica prevista no Artigo 13 do GDPR, em todos os aspectos relacionados ao modo de gerenciamento do site em rela\u00e7\u00e3o ao processamento de dados pessoais dos usu\u00e1rios.<\/p>\n<h3>Controlador de Dados<\/h3>\n<p>O Controlador \u00e9 a PTM S.r.l., representada por seu representante legal pro tempore. Por &#8220;processamento&#8221; \u2013 conforme especificado no Artigo 4 do GDPR \u2013 entende-se qualquer opera\u00e7\u00e3o ou conjunto de opera\u00e7\u00f5es realizadas com ou sem o uso de processos automatizados e aplicadas a dados pessoais, como coleta, registro, organiza\u00e7\u00e3o, estrutura\u00e7\u00e3o, armazenamento, adapta\u00e7\u00e3o ou altera\u00e7\u00e3o, extra\u00e7\u00e3o, consulta, uso, comunica\u00e7\u00e3o por transmiss\u00e3o, dissemina\u00e7\u00e3o ou qualquer outra forma de disponibiliza\u00e7\u00e3o, compara\u00e7\u00e3o ou interconex\u00e3o, limita\u00e7\u00e3o, exclus\u00e3o ou destrui\u00e7\u00e3o.<\/p>\n<p>Por &#8220;dados pessoais&#8221; entende-se toda informa\u00e7\u00e3o referente a uma pessoa f\u00edsica identificada ou identific\u00e1vel (&#8220;pessoa interessada&#8221;); considera-se identific\u00e1vel uma pessoa f\u00edsica que possa ser identificada, direta ou indiretamente, em especial por meio de um identificador como um nome, n\u00famero de identifica\u00e7\u00e3o, dados de localiza\u00e7\u00e3o, identificador online ou um ou mais elementos espec\u00edficos de sua identidade f\u00edsica, fisiol\u00f3gica, gen\u00e9tica, ps\u00edquica, econ\u00f4mica, cultural ou social.<\/p>\n<p>Esta Pol\u00edtica de Privacidade aplica-se aos dados pessoais dos usu\u00e1rios, coletados atrav\u00e9s do site.<\/p>\n<p>O Controlador pode coletar alguns dados pessoais dos usu\u00e1rios, como nome, sobrenome, endere\u00e7o de e-mail, ID de usu\u00e1rio e senha, informa\u00e7\u00f5es agregadas durante a navega\u00e7\u00e3o no site, e outros dados pessoais fornecidos voluntariamente pelo usu\u00e1rio durante o registro ou ao solicitar produtos ou servi\u00e7os oferecidos pelo site, ou ao enviar uma solicita\u00e7\u00e3o de informa\u00e7\u00f5es ao site por e-mail. Os conte\u00fados est\u00e3o dispon\u00edveis aos usu\u00e1rios sem a necessidade de fornecer seus dados pessoais. Algumas se\u00e7\u00f5es podem ser acess\u00edveis exclusivamente por usu\u00e1rios registrados.<\/p>\n<p>Os dados pessoais dos usu\u00e1rios podem ser processados por meios automatizados, (i) durante a navega\u00e7\u00e3o, (ii) ao se registrar no site (necess\u00e1rio para utilizar os servi\u00e7os ou adquirir produtos oferecidos pelo site), (iii) no momento da solicita\u00e7\u00e3o de fornecimento de um bem ou servi\u00e7o espec\u00edfico. Al\u00e9m disso, se o usu\u00e1rio entrar em contato para solicitar informa\u00e7\u00f5es, coletaremos seus dados pessoais para fornecer uma resposta.<\/p>\n<p>O Controlador processar\u00e1 os dados pessoais enquanto for estritamente necess\u00e1rio para cumprir as finalidades expressas nesta informa\u00e7\u00e3o, exceto em casos de cumprimento de obriga\u00e7\u00f5es legais e\/ou regulamentares.<\/p>\n<h3>Dados de navega\u00e7\u00e3o na Web<\/h3>\n<p>Os sistemas de informa\u00e7\u00e3o e procedimentos de software necess\u00e1rios para o funcionamento do site adquirem, durante sua atividade normal, alguns dados pessoais cuja transmiss\u00e3o est\u00e1 impl\u00edcita no uso dos protocolos de comunica\u00e7\u00e3o da Internet. Trata-se de informa\u00e7\u00f5es que n\u00e3o s\u00e3o coletadas com a inten\u00e7\u00e3o de associ\u00e1-las a pessoas identificadas, mas que, pela sua natureza, podem permitir a identifica\u00e7\u00e3o dos usu\u00e1rios por meio de processamento e associa\u00e7\u00e3o com dados mantidos por terceiros. Entre esses dados est\u00e3o endere\u00e7os IP ou nomes de dom\u00ednio dos computadores utilizados pelos usu\u00e1rios que se conectam ao site, endere\u00e7os na nota\u00e7\u00e3o URI (Identificador Uniforme de Recursos) dos recursos solicitados, hora da solicita\u00e7\u00e3o, m\u00e9todo utilizado para enviar a solicita\u00e7\u00e3o ao servidor, tamanho do arquivo obtido como resposta, c\u00f3digo num\u00e9rico que indica o status da resposta do servidor (sucesso, erro, etc.) e outros par\u00e2metros relativos ao sistema operacional e ao ambiente inform\u00e1tico do usu\u00e1rio.<\/p>\n<p>Esses dados s\u00e3o utilizados apenas para obter informa\u00e7\u00f5es estat\u00edsticas an\u00f4nimas sobre o uso do site e para verificar seu funcionamento correto; eles s\u00e3o eliminados imediatamente ap\u00f3s o processamento. Os dados podem ser usados para determinar responsabilidades em caso de crimes cibern\u00e9ticos hipot\u00e9ticos contra o site.<\/p>\n<h3>Dados fornecidos voluntariamente pelo Usu\u00e1rio<\/h3>\n<p align=\"justify\">O Controlador coleta dados pessoais inseridos em formul\u00e1rios de registro ou de solicita\u00e7\u00e3o de servi\u00e7os ou produtos, bem como dados enviados ao usu\u00e1rio por e-mail. Principalmente, tratam-se de informa\u00e7\u00f5es necess\u00e1rias para fornecer ao usu\u00e1rio os bens ou servi\u00e7os solicitados ou para contatar o usu\u00e1rio em resposta \u00e0 sua solicita\u00e7\u00e3o de informa\u00e7\u00f5es.<\/p>\n<h3>Finalidade do tratamento dos dados pessoais<\/h3>\n<p align=\"justify\">O Controlador processar\u00e1 os dados pessoais dos usu\u00e1rios para as seguintes finalidades: a) para necessidades relacionadas \u00e0 autoriza\u00e7\u00e3o, ativa\u00e7\u00e3o e personaliza\u00e7\u00e3o do acesso \u00e0s diferentes \u00e1reas do site e aos conte\u00fados relevantes; b) para necessidades relacionadas \u00e0 conclus\u00e3o e execu\u00e7\u00e3o de um contrato a pedido do usu\u00e1rio; c) para executar um servi\u00e7o ou opera\u00e7\u00e3o no \u00e2mbito das atividades; d) para desenvolvimento comercial, an\u00e1lise de relat\u00f3rios com clientes e marketing, com o consentimento espec\u00edfico do usu\u00e1rio.<\/p>\n<h3>Fornecimento opcional de dados pessoais<\/h3>\n<p align=\"justify\">Sujeito ao especificado para dados de navega\u00e7\u00e3o, o usu\u00e1rio pode ou n\u00e3o fornecer seus dados pessoais nos formul\u00e1rios de registro do site ou ao solicitar bens ou servi\u00e7os dispon\u00edveis no site, isto \u00e9, ao enviar uma consulta de informa\u00e7\u00f5es ao site por e-mail.<\/p>\n<h3>Comunica\u00e7\u00e3o e\/ou divulga\u00e7\u00e3o dos dados pessoais<\/h3>\n<p>Os dados pessoais dos usu\u00e1rios coletados atrav\u00e9s do site ser\u00e3o acess\u00edveis a \u00f3rg\u00e3os e funcion\u00e1rios oficialmente designados e autorizados ao processamento. Dados pessoais podem ser comunicados a terceiros que processem dados em nome do Controlador, expressamente nomeados como Respons\u00e1veis pelo Tratamento, com os quais a empresa celebrou contrato espec\u00edfico, garantindo que adotaram procedimentos para garantir o respeito aos princ\u00edpios do GDPR.<\/p>\n<p>O Controlador est\u00e1 legitimado, mesmo sem obter consentimento pr\u00e9vio, a comunicar dados a autoridades de supervis\u00e3o, autoridades judiciais e de seguran\u00e7a, ou a terceiros, se obrigado em conformidade com uma obriga\u00e7\u00e3o legal e\/ou por essas mesmas autoridades.<\/p>\n<h3>Direitos da pessoa interessada com rela\u00e7\u00e3o aos seus dados pessoais<\/h3>\n<p align=\"justify\">A qualquer momento, voc\u00ea pode exercer seus direitos de acordo com o Artigo 15 e seguintes do Regulamento Europeu 679\/2016. Em particular, voc\u00ea pode:<\/p>\n<ul>\n<li>Obter a confirma\u00e7\u00e3o sobre a exist\u00eancia ou n\u00e3o de dados pessoais;<\/li>\n<li>Obter a comunica\u00e7\u00e3o dos mesmos em forma intelig\u00edvel;<\/li>\n<li>Obter a corre\u00e7\u00e3o dos dados (art. 16, GDPR);<\/li>\n<li>Obter a exclus\u00e3o dos dados processados (art. 17 GDPR);<\/li>\n<li>Obter a limita\u00e7\u00e3o do processamento de dados (art. 18, GDPR);<\/li>\n<li>Obter a comunica\u00e7\u00e3o de terceiros destinat\u00e1rios sobre interven\u00e7\u00f5es de consulta de dados (art. 19, GDPR);<\/li>\n<li>Opor-se ao processamento de dados (Art. 21, GDPR);<\/li>\n<li>Obter a portabilidade dos dados;<\/li>\n<li>Retirar seu consentimento para o processamento de dados sem prejudicar a legitimidade do processamento com base no consentimento dado antes do cancelamento;<\/li>\n<li>Registrar uma reclama\u00e7\u00e3o junto \u00e0 autoridade de supervis\u00e3o sobre a legitimidade do processamento de dados.<\/li>\n<\/ul>\n<p>Toda comunica\u00e7\u00e3o deve ser enviada ao Controlador para o seguinte endere\u00e7o de e-mail: <a href=\"mailto:ptm@ptmsrl.com\" rel=\"noopener\">ptm@ptmsrl.com<\/a><\/p>\n<h3>Altera\u00e7\u00f5es \u00e0 Pol\u00edtica de Privacidade<\/h3>\n<p align=\"justify\">O Controlador reserva-se o direito de fazer altera\u00e7\u00f5es neste documento para adaptar-se a mudan\u00e7as na legisla\u00e7\u00e3o ou para se adequar a inova\u00e7\u00f5es tecnol\u00f3gicas. Os usu\u00e1rios s\u00e3o solicitados a consultar esta Pol\u00edtica de Privacidade regularmente para verificar poss\u00edveis atualiza\u00e7\u00f5es ou revis\u00f5es necess\u00e1rias.<\/p>\n\n\t\t<\/div>\n\t\t\t\t\n<style>\n#col-654525596 > .col-inner {\n  padding: 50px 0px 0px 0px;\n}\n<\/style>\n\t<\/div>\n\n\t\n\n<\/div>\n\n","protected":false},"excerpt":{"rendered":"","protected":false},"author":1,"featured_media":0,"parent":0,"menu_order":0,"comment_status":"closed","ping_status":"closed","template":"page-blank.php","meta":{"inline_featured_image":false,"footnotes":""},"class_list":["post-588","page","type-page","status-publish","hentry"],"yoast_head":"<!-- This site is optimized with the Yoast SEO plugin v23.8 - https:\/\/yoast.com\/wordpress\/plugins\/seo\/ -->\n<title>Privacy Policy - Feeding Farm<\/title>\n<meta name=\"robots\" content=\"noindex, follow\" \/>\n<meta property=\"og:locale\" content=\"pt_PT\" \/>\n<meta property=\"og:type\" content=\"article\" \/>\n<meta property=\"og:title\" content=\"Privacy Policy - Feeding Farm\" \/>\n<meta property=\"og:url\" content=\"https:\/\/feedingfarm.com\/pt-pt\/privacy-policy\/\" \/>\n<meta property=\"og:site_name\" content=\"Feeding Farm\" \/>\n<meta property=\"article:modified_time\" content=\"2024-11-13T17:05:59+00:00\" \/>\n<meta name=\"twitter:card\" content=\"summary_large_image\" \/>\n<meta name=\"twitter:label1\" content=\"Tempo estimado de leitura\" \/>\n\t<meta name=\"twitter:data1\" content=\"6 minutos\" \/>\n<script type=\"application\/ld+json\" class=\"yoast-schema-graph\">{\"@context\":\"https:\/\/schema.org\",\"@graph\":[{\"@type\":\"WebPage\",\"@id\":\"https:\/\/feedingfarm.com\/pt-pt\/privacy-policy\/\",\"url\":\"https:\/\/feedingfarm.com\/pt-pt\/privacy-policy\/\",\"name\":\"Privacy Policy - Feeding Farm\",\"isPartOf\":{\"@id\":\"https:\/\/feedingfarm.com\/#website\"},\"datePublished\":\"2024-09-27T13:40:07+00:00\",\"dateModified\":\"2024-11-13T17:05:59+00:00\",\"breadcrumb\":{\"@id\":\"https:\/\/feedingfarm.com\/pt-pt\/privacy-policy\/#breadcrumb\"},\"inLanguage\":\"pt-PT\",\"potentialAction\":[{\"@type\":\"ReadAction\",\"target\":[\"https:\/\/feedingfarm.com\/pt-pt\/privacy-policy\/\"]}]},{\"@type\":\"BreadcrumbList\",\"@id\":\"https:\/\/feedingfarm.com\/pt-pt\/privacy-policy\/#breadcrumb\",\"itemListElement\":[{\"@type\":\"ListItem\",\"position\":1,\"name\":\"Home\",\"item\":\"https:\/\/feedingfarm.com\/pt-pt\/\"},{\"@type\":\"ListItem\",\"position\":2,\"name\":\"Privacy Policy\"}]},{\"@type\":\"WebSite\",\"@id\":\"https:\/\/feedingfarm.com\/#website\",\"url\":\"https:\/\/feedingfarm.com\/\",\"name\":\"Feeding Farm\",\"description\":\"Optimize the Feeding of Your Farm\",\"publisher\":{\"@id\":\"https:\/\/feedingfarm.com\/#organization\"},\"potentialAction\":[{\"@type\":\"SearchAction\",\"target\":{\"@type\":\"EntryPoint\",\"urlTemplate\":\"https:\/\/feedingfarm.com\/?s={search_term_string}\"},\"query-input\":{\"@type\":\"PropertyValueSpecification\",\"valueRequired\":true,\"valueName\":\"search_term_string\"}}],\"inLanguage\":\"pt-PT\"},{\"@type\":\"Organization\",\"@id\":\"https:\/\/feedingfarm.com\/#organization\",\"name\":\"Feeding Farm\",\"url\":\"https:\/\/feedingfarm.com\/\",\"logo\":{\"@type\":\"ImageObject\",\"inLanguage\":\"pt-PT\",\"@id\":\"https:\/\/feedingfarm.com\/#\/schema\/logo\/image\/\",\"url\":\"https:\/\/feedingfarm.com\/wp-content\/uploads\/2024\/10\/N3-Feeding-Farm-Logotipo-colori.svg\",\"contentUrl\":\"https:\/\/feedingfarm.com\/wp-content\/uploads\/2024\/10\/N3-Feeding-Farm-Logotipo-colori.svg\",\"width\":1,\"height\":1,\"caption\":\"Feeding Farm\"},\"image\":{\"@id\":\"https:\/\/feedingfarm.com\/#\/schema\/logo\/image\/\"}}]}<\/script>\n<!-- \/ Yoast SEO plugin. -->","yoast_head_json":{"title":"Privacy Policy - Feeding Farm","robots":{"index":"noindex","follow":"follow"},"og_locale":"pt_PT","og_type":"article","og_title":"Privacy Policy - Feeding Farm","og_url":"https:\/\/feedingfarm.com\/pt-pt\/privacy-policy\/","og_site_name":"Feeding Farm","article_modified_time":"2024-11-13T17:05:59+00:00","twitter_card":"summary_large_image","twitter_misc":{"Tempo estimado de leitura":"6 minutos"},"schema":{"@context":"https:\/\/schema.org","@graph":[{"@type":"WebPage","@id":"https:\/\/feedingfarm.com\/pt-pt\/privacy-policy\/","url":"https:\/\/feedingfarm.com\/pt-pt\/privacy-policy\/","name":"Privacy Policy - Feeding Farm","isPartOf":{"@id":"https:\/\/feedingfarm.com\/#website"},"datePublished":"2024-09-27T13:40:07+00:00","dateModified":"2024-11-13T17:05:59+00:00","breadcrumb":{"@id":"https:\/\/feedingfarm.com\/pt-pt\/privacy-policy\/#breadcrumb"},"inLanguage":"pt-PT","potentialAction":[{"@type":"ReadAction","target":["https:\/\/feedingfarm.com\/pt-pt\/privacy-policy\/"]}]},{"@type":"BreadcrumbList","@id":"https:\/\/feedingfarm.com\/pt-pt\/privacy-policy\/#breadcrumb","itemListElement":[{"@type":"ListItem","position":1,"name":"Home","item":"https:\/\/feedingfarm.com\/pt-pt\/"},{"@type":"ListItem","position":2,"name":"Privacy Policy"}]},{"@type":"WebSite","@id":"https:\/\/feedingfarm.com\/#website","url":"https:\/\/feedingfarm.com\/","name":"Feeding Farm","description":"Optimize the Feeding of Your Farm","publisher":{"@id":"https:\/\/feedingfarm.com\/#organization"},"potentialAction":[{"@type":"SearchAction","target":{"@type":"EntryPoint","urlTemplate":"https:\/\/feedingfarm.com\/?s={search_term_string}"},"query-input":{"@type":"PropertyValueSpecification","valueRequired":true,"valueName":"search_term_string"}}],"inLanguage":"pt-PT"},{"@type":"Organization","@id":"https:\/\/feedingfarm.com\/#organization","name":"Feeding Farm","url":"https:\/\/feedingfarm.com\/","logo":{"@type":"ImageObject","inLanguage":"pt-PT","@id":"https:\/\/feedingfarm.com\/#\/schema\/logo\/image\/","url":"https:\/\/feedingfarm.com\/wp-content\/uploads\/2024\/10\/N3-Feeding-Farm-Logotipo-colori.svg","contentUrl":"https:\/\/feedingfarm.com\/wp-content\/uploads\/2024\/10\/N3-Feeding-Farm-Logotipo-colori.svg","width":1,"height":1,"caption":"Feeding Farm"},"image":{"@id":"https:\/\/feedingfarm.com\/#\/schema\/logo\/image\/"}}]}},"_links":{"self":[{"href":"https:\/\/feedingfarm.com\/pt-pt\/wp-json\/wp\/v2\/pages\/588","targetHints":{"allow":["GET"]}}],"collection":[{"href":"https:\/\/feedingfarm.com\/pt-pt\/wp-json\/wp\/v2\/pages"}],"about":[{"href":"https:\/\/feedingfarm.com\/pt-pt\/wp-json\/wp\/v2\/types\/page"}],"author":[{"embeddable":true,"href":"https:\/\/feedingfarm.com\/pt-pt\/wp-json\/wp\/v2\/users\/1"}],"replies":[{"embeddable":true,"href":"https:\/\/feedingfarm.com\/pt-pt\/wp-json\/wp\/v2\/comments?post=588"}],"version-history":[{"count":3,"href":"https:\/\/feedingfarm.com\/pt-pt\/wp-json\/wp\/v2\/pages\/588\/revisions"}],"predecessor-version":[{"id":591,"href":"https:\/\/feedingfarm.com\/pt-pt\/wp-json\/wp\/v2\/pages\/588\/revisions\/591"}],"wp:attachment":[{"href":"https:\/\/feedingfarm.com\/pt-pt\/wp-json\/wp\/v2\/media?parent=588"}],"curies":[{"name":"wp","href":"https:\/\/api.w.org\/{rel}","templated":true}]}}