{"id":3,"date":"2024-09-27T15:40:07","date_gmt":"2024-09-27T13:40:07","guid":{"rendered":"https:\/\/feedingfarm.com\/?page_id=3"},"modified":"2024-11-11T10:38:58","modified_gmt":"2024-11-11T09:38:58","slug":"privacy-policy","status":"publish","type":"page","link":"https:\/\/feedingfarm.com\/it\/privacy-policy\/","title":{"rendered":"Privacy Policy"},"content":{"rendered":"\n  <div id=\"page-header-1105935796\" class=\"page-header-wrapper\">\n  <div class=\"page-title dark featured-title\">\n\n    \n    <div class=\"page-title-inner container align-center flex-row medium-flex-wrap\" >\n              <div class=\"title-wrapper flex-col text-left medium-text-center\">\n          <h1 class=\"entry-title mb-0\">\n            Privacy Policy          <\/h1>\n        <\/div>\n                    <div class=\"title-content flex-col flex-right text-right medium-text-center\">\n        <div class=\"title-breadcrumbs pb-half pt-half\"><\/div>      <\/div>\n    <\/div>\n\n       <\/div>\n    <\/div>\n  \n\n<div class=\"row\"  id=\"row-1829525483\">\n\n\n\t<div id=\"col-55009506\" class=\"col small-12 large-12\"  >\n\t\t\t\t<div class=\"col-inner\"  >\n\t\t\t\n\t\t\t\n\n<p align=\"justify\"><strong>PTM S.r.l.<\/strong> considera di fondamentale importanza la privacy dei propri utenti e garantisce che il trattamento dei dati personali inseriti, raccolti e trattati attraverso il sito www.ptmsrl.com si svolga nel rispetto dei diritti dell&#8217;interessato, con particolare riferimento alla riservatezza, alla tutela dell&#8217;identit\u00e0 personale e al diritto alla protezione dei dati personali ai sensi e per gli effetti del Regolamento (UE) n. 2016\/679 (di seguito, GDPR).<br \/>\nLa presente Privacy Policy vale quale informativa ai sensi dell&#8217;art. 13 del GDPR, per tutto ci\u00f2 che concerne le modalit\u00e0 di gestione del Sito in riferimento al trattamento dei dati personali degli utenti.<\/p>\n<h3>Titolare del trattamento<\/h3>\n<p align=\"justify\"><strong>Il Titolare<\/strong> del Trattamento \u00e8 <strong>PTM S.r.l.<\/strong>, nella persona del suo legale rappresentante pro tempore. Si intende con \u00abtrattamento\u00bb \u2013 come meglio specificato all\u2019art. 4 del GDPR \u2013 qualsiasi operazione o insieme di operazioni, compiute con o senza l&#8217;ausilio di processi automatizzati e applicate a dati personali o insiemi di dati personali, come la raccolta, la registrazione, l&#8217;organizzazione, la strutturazione, la conservazione, l&#8217;adattamento o la modifica, l&#8217;estrazione, la consultazione, l&#8217;uso, la comunicazione mediante trasmissione, diffusione o qualsiasi altra forma di messa a disposizione, il raffronto o l&#8217;interconnessione, la limitazione, la cancellazione o la distruzione.<\/p>\n<p align=\"justify\">Per \u00abdato personale\u00bb si intende qualsiasi informazione riguardante una persona fisica identificata o identificabile (\u00abinteressato\u00bb); si considera identificabile la persona fisica che pu\u00f2 essere identificata, direttamente o indirettamente, con particolare riferimento a un identificativo come il nome, un numero di identificazione, dati relativi all&#8217;ubicazione, un identificativo online o a uno o pi\u00f9 elementi caratteristici della sua identit\u00e0 fisica, fisiologica, genetica, psichica, economica, culturale o sociale.<br \/>\nLa presente Privacy Policy si applica ai dati personali degli Utenti, raccolti attraverso il sito.<\/p>\n<p align=\"justify\"><strong>Il Titolare<\/strong> potr\u00e0 raccogliere alcuni dati personali dagli Utenti, quali il nome, cognome, indirizzo email, User ID e password, informazioni aggregate durante la navigazione del Sito, altri dati personali forniti volontariamente dall&#8217;Utente durante la fase di registrazione ovvero in occasione della richiesta di beni o servizi offerti dal Sito o della richiesta di informazioni inviata al Sito tramite email. I contenuti presenti sono accessibili dagli Utenti senza necessit\u00e0 di conferimento dei propri dati personali.<br \/>\nAlcune sezioni potranno risultare accessibili esclusivamente ad Utenti registrati.<br \/>\nI dati personali dell&#8217;Utente potranno essere trattati, con mezzi automatizzati, (i) durante la navigazione, (ii) al momento della registrazione al Sito (necessaria per potere usufruire dei servizi o acquistare beni offerti dallo stesso), (iii) al momento della richiesta di fornitura di un singolo bene o servizio.<br \/>\nInoltre, nel caso in cui un Utente ci contatti per richiedere informazioni, noi raccoglieremo i suoi dati personali per potergli fornire una risposta.<br \/>\n<strong>Il Titolare<\/strong> tratterr\u00e0 i dati personali per il tempo strettamente necessario ad adempiere alle finalit\u00e0 espresse in questa Informativa, fatta salva l\u2019osservanza di prescrizioni normative e\/o regolamentari.<\/p>\n<h3>Dati di navigazione<\/h3>\n<p align=\"justify\">I sistemi informatici e le procedure software preposte al funzionamento del Sito acquisiscono, nel corso del loro normale esercizio, alcuni dati personali la cui trasmissione \u00e8 implicita nell&#8217;uso dei protocolli di comunicazione di Internet. Si tratta di informazioni che non sono raccolte per essere associate a interessati identificati, ma che per loro stessa natura potrebbero, attraverso elaborazioni ed associazioni con dati detenuti da terzi, permettere di identificare gli Utenti. In questa categoria di dati rientrano gli indirizzi IP o i nomi a dominio dei computer utilizzati dagli Utenti che si connettono al sito, gli indirizzi in notazione URI (Uniform Resource Identifier) delle risorse richieste, l&#8217;orario della richiesta, il metodo utilizzato nel sottoporre la richiesta al server, la dimensione del file ottenuto in risposta, il codice numerico indicante lo stato della risposta data dal server (buon fine, errore, ecc.) ed altri parametri relativi al sistema operativo e all&#8217;ambiente informatico dell&#8217;utente.<br \/>\nQuesti dati vengono utilizzati al solo fine di ricavare informazioni statistiche anonime sull&#8217;uso del sito e per controllarne il corretto funzionamento e vengono cancellati immediatamente dopo l&#8217;elaborazione. I dati potrebbero essere utilizzati per l&#8217;accertamento di responsabilit\u00e0 in caso di ipotetici reati informatici ai danni del sito.<\/p>\n<h3>Dati forniti volontariamente dall&#8217;Utente<\/h3>\n<p align=\"justify\"><strong>Il Titolare<\/strong> raccoglie anche i dati personali inseriti nei form di registrazione o di richiesta di beni o servizi, nonch\u00e9 inoltrati al Titolare tramite posta elettronica. Si tratta principalmente di informazioni necessarie per fornire all&#8217;Utente i beni o i servizi richiesti ovvero per contattare l&#8217;Utente in risposta a una sua richiesta di informazioni.<\/p>\n<h3>Finalit\u00e0 del trattamento dei dati personali<\/h3>\n<p align=\"justify\"><strong>Il Titolare<\/strong> tratter\u00e0 i dati personali degli Utenti per le seguenti finalit\u00e0: a) Per esigenze relative alle operazioni di autorizzazione, abilitazione e personalizzazione degli accessi alle varie aree e relativi contenuti del Sito; b) Per esigenze relative alla stipulazione e alla esecuzione di un contratto su richiesta dell&#8217;Utente stesso; c) Per dare esecuzione ad un servizio o ad una operazione nell&#8217;ambito delle attivit\u00e0; d) Per esigenze di sviluppo commerciale, analisi dei rapporti con i clienti e marketing, previo consenso specifico dell&#8217;Utente.<\/p>\n<h3>Facoltativit\u00e0 del Conferimento dei dati personali<\/h3>\n<p align=\"justify\">Salvo quanto specificato per i dati di navigazione, l&#8217;Utente ha facolt\u00e0 di fornire o meno i dati personali nei moduli per la registrazione al Sito o per la richiesta di beni o servizi disponibili sul Sito, ovvero inviando richiesta di informazioni al Sito tramite posta elettronica.<\/p>\n<h3>Comunicazione e\/o diffusione dei dati personali<\/h3>\n<p align=\"justify\">I dati personali degli Utenti raccolti attraverso il sito saranno accessibili agli organi e ai dipendenti formalmente designati quali Autorizzati al trattamento.<br \/>\nI dati personali potranno essere comunicati a terzi che trattano dati per conto del Titolare espressamente nominati Responsabili del trattamento con i quali la societ\u00e0 ha sottoscritto appositi contratti nei quali i soggetti garantiscono di avere adottato procedure finalizzate a garantire il rispetto dei principi contenuti nel GDPR.<\/p>\n<p align=\"justify\"><strong>Il Titolare<\/strong> sar\u00e0 legittimato, anche senza aver acquisito alcun preventivo consenso, a comunicare i dati ad Organismi di Vigilanza, Autorit\u00e0 giudiziarie e di Pubblica sicurezza nonch\u00e9 a soggetti terzi, qualora fosse a ci\u00f2 tenuto in adempimento di un obbligo di legge e\/o delle Autorit\u00e0 stesse.<\/p>\n<h3>Diritti degli interessati con riguardo ai propri dati personali<\/h3>\n<p align=\"justify\">In qualsiasi momento lei potr\u00e0 comunque esercitare tutti i diritti di cui agli artt. 15 e seguenti del Regolamento Europeo 679\/2016. In particolare, potr\u00e0:<\/p>\n<ul>\n<li>ottenere la conferma dell&#8217;esistenza o meno di dati personali;<\/li>\n<li>ottenere la loro comunicazione in forma intelligibile;<\/li>\n<li>ottenere la rettifica dei dati (art. 16, GDPR);<\/li>\n<li>ottenere la cancellazione dei dati trattati (art. 17 GDPR);<\/li>\n<li>ottenere la limitazione del trattamento dei dati (art. 18, GDPR);<\/li>\n<li>ottenere comunicazione dei terzi destinatari delle richieste di intervento sui dati (art. 19, GDPR);<\/li>\n<li>opporsi al loro trattamento (Art. 21, GDPR);<\/li>\n<li>ottenere la portabilit\u00e0 dei dati;<\/li>\n<li>revocare il trattamento dei dati che lo riguardano senza pregiudicare la liceit\u00e0 del trattamento basata sul consenso prestato prima della revoca;<\/li>\n<li>proporre reclamo all\u2019Autorit\u00e0 di controllo sulla legittimit\u00e0 del trattamento dei dati.<\/li>\n<\/ul>\n<p align=\"justify\">Le comunicazioni andranno inviate al Titolare del Trattamento al seguente indirizzo: <a href=\"mailto:ptm@ptmsrl.com\">ptm@ptmsrl.com<\/a><\/p>\n<h3>Modifiche alla informativa<\/h3>\n<p align=\"justify\"><strong>Il Titolare<\/strong> si riserva di apportare modifiche alla presente informativa al fine di recepire cambiamenti della normativa ovvero per adeguarsi ad intervenute innovazioni tecnologiche. Gli Utenti sono pregati di prendere visione e consultare periodicamente l&#8217;informativa per verificare eventuali aggiornamenti o revisioni che si dovessero rendere necessari.<\/p>\n\n\n\t\t<\/div>\n\t\t\t\t\n<style>\n#col-55009506 > .col-inner {\n  padding: 50px 0px 0px 0px;\n}\n<\/style>\n\t<\/div>\n\n\t\n\n<\/div>\n\n","protected":false},"excerpt":{"rendered":"","protected":false},"author":1,"featured_media":0,"parent":0,"menu_order":0,"comment_status":"closed","ping_status":"open","template":"page-blank.php","meta":{"inline_featured_image":false,"footnotes":""},"class_list":["post-3","page","type-page","status-publish","hentry"],"yoast_head":"<!-- This site is optimized with the Yoast SEO plugin v23.8 - https:\/\/yoast.com\/wordpress\/plugins\/seo\/ -->\n<title>Privacy Policy - Feeding Farm<\/title>\n<meta name=\"robots\" content=\"noindex, follow\" \/>\n<meta property=\"og:locale\" content=\"it_IT\" \/>\n<meta property=\"og:type\" content=\"article\" \/>\n<meta property=\"og:title\" content=\"Privacy Policy - Feeding Farm\" \/>\n<meta property=\"og:url\" content=\"https:\/\/feedingfarm.com\/it\/privacy-policy\/\" \/>\n<meta property=\"og:site_name\" content=\"Feeding Farm\" \/>\n<meta property=\"article:modified_time\" content=\"2024-11-11T09:38:58+00:00\" \/>\n<meta name=\"twitter:card\" content=\"summary_large_image\" \/>\n<meta name=\"twitter:label1\" content=\"Tempo di lettura stimato\" \/>\n\t<meta name=\"twitter:data1\" content=\"6 minuti\" \/>\n<script type=\"application\/ld+json\" class=\"yoast-schema-graph\">{\"@context\":\"https:\/\/schema.org\",\"@graph\":[{\"@type\":\"WebPage\",\"@id\":\"https:\/\/feedingfarm.com\/it\/privacy-policy\/\",\"url\":\"https:\/\/feedingfarm.com\/it\/privacy-policy\/\",\"name\":\"Privacy Policy - Feeding Farm\",\"isPartOf\":{\"@id\":\"https:\/\/feedingfarm.com\/#website\"},\"datePublished\":\"2024-09-27T13:40:07+00:00\",\"dateModified\":\"2024-11-11T09:38:58+00:00\",\"breadcrumb\":{\"@id\":\"https:\/\/feedingfarm.com\/it\/privacy-policy\/#breadcrumb\"},\"inLanguage\":\"it-IT\",\"potentialAction\":[{\"@type\":\"ReadAction\",\"target\":[\"https:\/\/feedingfarm.com\/it\/privacy-policy\/\"]}]},{\"@type\":\"BreadcrumbList\",\"@id\":\"https:\/\/feedingfarm.com\/it\/privacy-policy\/#breadcrumb\",\"itemListElement\":[{\"@type\":\"ListItem\",\"position\":1,\"name\":\"Home\",\"item\":\"https:\/\/feedingfarm.com\/it\/\"},{\"@type\":\"ListItem\",\"position\":2,\"name\":\"Privacy Policy\"}]},{\"@type\":\"WebSite\",\"@id\":\"https:\/\/feedingfarm.com\/#website\",\"url\":\"https:\/\/feedingfarm.com\/\",\"name\":\"Feeding Farm\",\"description\":\"Optimize the Feeding of Your Farm\",\"publisher\":{\"@id\":\"https:\/\/feedingfarm.com\/#organization\"},\"potentialAction\":[{\"@type\":\"SearchAction\",\"target\":{\"@type\":\"EntryPoint\",\"urlTemplate\":\"https:\/\/feedingfarm.com\/?s={search_term_string}\"},\"query-input\":{\"@type\":\"PropertyValueSpecification\",\"valueRequired\":true,\"valueName\":\"search_term_string\"}}],\"inLanguage\":\"it-IT\"},{\"@type\":\"Organization\",\"@id\":\"https:\/\/feedingfarm.com\/#organization\",\"name\":\"Feeding Farm\",\"url\":\"https:\/\/feedingfarm.com\/\",\"logo\":{\"@type\":\"ImageObject\",\"inLanguage\":\"it-IT\",\"@id\":\"https:\/\/feedingfarm.com\/#\/schema\/logo\/image\/\",\"url\":\"https:\/\/feedingfarm.com\/wp-content\/uploads\/2024\/10\/N3-Feeding-Farm-Logotipo-colori.svg\",\"contentUrl\":\"https:\/\/feedingfarm.com\/wp-content\/uploads\/2024\/10\/N3-Feeding-Farm-Logotipo-colori.svg\",\"width\":1,\"height\":1,\"caption\":\"Feeding Farm\"},\"image\":{\"@id\":\"https:\/\/feedingfarm.com\/#\/schema\/logo\/image\/\"}}]}<\/script>\n<!-- \/ Yoast SEO plugin. -->","yoast_head_json":{"title":"Privacy Policy - Feeding Farm","robots":{"index":"noindex","follow":"follow"},"og_locale":"it_IT","og_type":"article","og_title":"Privacy Policy - Feeding Farm","og_url":"https:\/\/feedingfarm.com\/it\/privacy-policy\/","og_site_name":"Feeding Farm","article_modified_time":"2024-11-11T09:38:58+00:00","twitter_card":"summary_large_image","twitter_misc":{"Tempo di lettura stimato":"6 minuti"},"schema":{"@context":"https:\/\/schema.org","@graph":[{"@type":"WebPage","@id":"https:\/\/feedingfarm.com\/it\/privacy-policy\/","url":"https:\/\/feedingfarm.com\/it\/privacy-policy\/","name":"Privacy Policy - Feeding Farm","isPartOf":{"@id":"https:\/\/feedingfarm.com\/#website"},"datePublished":"2024-09-27T13:40:07+00:00","dateModified":"2024-11-11T09:38:58+00:00","breadcrumb":{"@id":"https:\/\/feedingfarm.com\/it\/privacy-policy\/#breadcrumb"},"inLanguage":"it-IT","potentialAction":[{"@type":"ReadAction","target":["https:\/\/feedingfarm.com\/it\/privacy-policy\/"]}]},{"@type":"BreadcrumbList","@id":"https:\/\/feedingfarm.com\/it\/privacy-policy\/#breadcrumb","itemListElement":[{"@type":"ListItem","position":1,"name":"Home","item":"https:\/\/feedingfarm.com\/it\/"},{"@type":"ListItem","position":2,"name":"Privacy Policy"}]},{"@type":"WebSite","@id":"https:\/\/feedingfarm.com\/#website","url":"https:\/\/feedingfarm.com\/","name":"Feeding Farm","description":"Optimize the Feeding of Your Farm","publisher":{"@id":"https:\/\/feedingfarm.com\/#organization"},"potentialAction":[{"@type":"SearchAction","target":{"@type":"EntryPoint","urlTemplate":"https:\/\/feedingfarm.com\/?s={search_term_string}"},"query-input":{"@type":"PropertyValueSpecification","valueRequired":true,"valueName":"search_term_string"}}],"inLanguage":"it-IT"},{"@type":"Organization","@id":"https:\/\/feedingfarm.com\/#organization","name":"Feeding Farm","url":"https:\/\/feedingfarm.com\/","logo":{"@type":"ImageObject","inLanguage":"it-IT","@id":"https:\/\/feedingfarm.com\/#\/schema\/logo\/image\/","url":"https:\/\/feedingfarm.com\/wp-content\/uploads\/2024\/10\/N3-Feeding-Farm-Logotipo-colori.svg","contentUrl":"https:\/\/feedingfarm.com\/wp-content\/uploads\/2024\/10\/N3-Feeding-Farm-Logotipo-colori.svg","width":1,"height":1,"caption":"Feeding Farm"},"image":{"@id":"https:\/\/feedingfarm.com\/#\/schema\/logo\/image\/"}}]}},"_links":{"self":[{"href":"https:\/\/feedingfarm.com\/it\/wp-json\/wp\/v2\/pages\/3","targetHints":{"allow":["GET"]}}],"collection":[{"href":"https:\/\/feedingfarm.com\/it\/wp-json\/wp\/v2\/pages"}],"about":[{"href":"https:\/\/feedingfarm.com\/it\/wp-json\/wp\/v2\/types\/page"}],"author":[{"embeddable":true,"href":"https:\/\/feedingfarm.com\/it\/wp-json\/wp\/v2\/users\/1"}],"replies":[{"embeddable":true,"href":"https:\/\/feedingfarm.com\/it\/wp-json\/wp\/v2\/comments?post=3"}],"version-history":[{"count":1,"href":"https:\/\/feedingfarm.com\/it\/wp-json\/wp\/v2\/pages\/3\/revisions"}],"predecessor-version":[{"id":511,"href":"https:\/\/feedingfarm.com\/it\/wp-json\/wp\/v2\/pages\/3\/revisions\/511"}],"wp:attachment":[{"href":"https:\/\/feedingfarm.com\/it\/wp-json\/wp\/v2\/media?parent=3"}],"curies":[{"name":"wp","href":"https:\/\/api.w.org\/{rel}","templated":true}]}}