{"id":535,"date":"2024-09-27T15:40:07","date_gmt":"2024-09-27T13:40:07","guid":{"rendered":"https:\/\/feedingfarm.com\/?page_id=535"},"modified":"2024-11-11T17:59:18","modified_gmt":"2024-11-11T16:59:18","slug":"privacy-policy","status":"publish","type":"page","link":"https:\/\/feedingfarm.com\/fr\/privacy-policy\/","title":{"rendered":"Privacy Policy"},"content":{"rendered":"\n  <div id=\"page-header-1180031557\" class=\"page-header-wrapper\">\n  <div class=\"page-title dark featured-title\">\n\n    \n    <div class=\"page-title-inner container align-center flex-row medium-flex-wrap\" >\n              <div class=\"title-wrapper flex-col text-left medium-text-center\">\n          <h1 class=\"entry-title mb-0\">\n            Privacy Policy          <\/h1>\n        <\/div>\n                    <div class=\"title-content flex-col flex-right text-right medium-text-center\">\n        <div class=\"title-breadcrumbs pb-half pt-half\"><\/div>      <\/div>\n    <\/div>\n\n       <\/div>\n    <\/div>\n  \n\n<div class=\"row\"  id=\"row-937958373\">\n\n\n\t<div id=\"col-1662255711\" class=\"col small-12 large-12\"  >\n\t\t\t\t<div class=\"col-inner\"  >\n\t\t\t\n\t\t\t\n\n<p><strong>PTM S.r.l.<\/strong> consid\u00e8re la confidentialit\u00e9 des utilisateurs comme essentielle et garantit que le traitement des donn\u00e9es personnelles saisies, collect\u00e9es et utilis\u00e9es via le site <a href=\"http:\/\/www.ptmsrl.com\" target=\"_new\" rel=\"noopener\">www.ptmsrl.com<\/a> est effectu\u00e9 conform\u00e9ment aux droits de la personne concern\u00e9e, en particulier en ce qui concerne la protection de la vie priv\u00e9e, de l&rsquo;identit\u00e9 personnelle et du droit \u00e0 la protection des donn\u00e9es personnelles conform\u00e9ment au R\u00e8glement (UE) 2016\/679 (R\u00e8glement G\u00e9n\u00e9ral sur la Protection des Donn\u00e9es, ci-apr\u00e8s \u00ab RGPD \u00bb).<\/p>\n<p>Cette Politique de Confidentialit\u00e9 \u00e9quivaut \u00e0 la politique pr\u00e9vue \u00e0 l&rsquo;article 13 du RGPD, en ce qui concerne la gestion du site et le traitement des donn\u00e9es personnelles des utilisateurs.<\/p>\n<h3>Responsable du traitement des donn\u00e9es<\/h3>\n<p>Le responsable du traitement est PTM S.r.l., repr\u00e9sent\u00e9 par son repr\u00e9sentant l\u00e9gal en fonction. Par \u00ab traitement \u00bb \u2013 tel que pr\u00e9cis\u00e9 \u00e0 l&rsquo;article 4 du RGPD \u2013 on entend toute op\u00e9ration ou ensemble d&rsquo;op\u00e9rations effectu\u00e9es avec ou sans l&rsquo;aide de processus automatis\u00e9s et appliqu\u00e9es aux donn\u00e9es personnelles, telles que la collecte, l&rsquo;enregistrement, l&rsquo;organisation, la structuration, la conservation, l&rsquo;adaptation ou la modification, l&rsquo;extraction, la consultation, l&rsquo;utilisation, la communication par transmission, la diffusion ou toute autre forme de mise \u00e0 disposition, l&rsquo;alignement ou l&rsquo;interconnexion, la limitation, l&rsquo;effacement ou la destruction.<\/p>\n<p>Les \u00ab donn\u00e9es personnelles \u00bb d\u00e9signent toute information relative \u00e0 une personne physique identifi\u00e9e ou identifiable (\u00ab personne concern\u00e9e \u00bb) ; est consid\u00e9r\u00e9e identifiable toute personne physique pouvant \u00eatre identifi\u00e9e, directement ou indirectement, notamment par r\u00e9f\u00e9rence \u00e0 un identifiant tel qu&rsquo;un nom, un num\u00e9ro d&rsquo;identification, des donn\u00e9es de localisation, un identifiant en ligne ou un ou plusieurs \u00e9l\u00e9ments sp\u00e9cifiques propres \u00e0 son identit\u00e9 physique, physiologique, g\u00e9n\u00e9tique, psychique, \u00e9conomique, culturelle ou sociale.<\/p>\n<p>Cette Politique de Confidentialit\u00e9 s&rsquo;applique aux donn\u00e9es personnelles des utilisateurs collect\u00e9es via le site.<\/p>\n<p>Le Responsable peut collecter certaines donn\u00e9es personnelles des utilisateurs, telles que le nom, le pr\u00e9nom, l&rsquo;adresse e-mail, l&rsquo;identifiant utilisateur et le mot de passe, des informations agr\u00e9g\u00e9es lors de la navigation sur le site, et d&rsquo;autres donn\u00e9es personnelles fournies volontairement par l&rsquo;utilisateur lors de l&rsquo;enregistrement ou lors de la demande de produits ou services propos\u00e9s par le site, ou lors de l&rsquo;envoi d&rsquo;une demande d&rsquo;information au site par e-mail. Les contenus sont accessibles aux utilisateurs sans qu&rsquo;ils aient \u00e0 fournir leurs donn\u00e9es personnelles. Certaines sections peuvent \u00eatre accessibles exclusivement aux utilisateurs enregistr\u00e9s.<\/p>\n<p>Les donn\u00e9es personnelles de l&rsquo;utilisateur peuvent \u00eatre trait\u00e9es par des moyens automatis\u00e9s, (i) lors de la navigation, (ii) lors de l&rsquo;enregistrement sur le site (n\u00e9cessaire pour pouvoir utiliser les services ou acheter les produits propos\u00e9s par le site), (iii) au moment de la demande de fourniture de biens ou de services particuliers. De plus, si l&rsquo;utilisateur nous contacte pour demander des informations, nous recueillerons ses donn\u00e9es personnelles pour lui fournir une r\u00e9ponse.<\/p>\n<p>Le Responsable traitera les donn\u00e9es personnelles aussi longtemps que n\u00e9cessaire pour atteindre les objectifs exprim\u00e9s dans cette information, sous r\u00e9serve de l&rsquo;obligation de respecter les exigences l\u00e9gales et\/ou r\u00e9glementaires.<\/p>\n<h3>Donn\u00e9es de navigation sur le site<\/h3>\n<p>Les syst\u00e8mes informatiques et les proc\u00e9dures logicielles n\u00e9cessaires au fonctionnement du site acqui\u00e8rent, dans le cadre de leur activit\u00e9 normale, certaines donn\u00e9es personnelles dont la transmission est implicite dans l&rsquo;utilisation des protocoles de communication Internet. Il s&rsquo;agit d&rsquo;informations qui ne sont pas collect\u00e9es dans le but d&rsquo;\u00eatre associ\u00e9es \u00e0 des personnes identifi\u00e9es, mais qui, par leur nature, pourraient permettre d&rsquo;identifier les utilisateurs par traitement et association avec des donn\u00e9es d\u00e9tenues par des tiers. Parmi ces donn\u00e9es figurent les adresses IP ou les noms de domaine des ordinateurs utilis\u00e9s par les utilisateurs qui se connectent au site, les adresses en notation URI (Uniform Resource Identifier) des ressources demand\u00e9es, l&rsquo;heure de la demande, la m\u00e9thode utilis\u00e9e pour soumettre la demande au serveur, la taille du fichier obtenu en r\u00e9ponse, le code num\u00e9rique indiquant l&rsquo;\u00e9tat de la r\u00e9ponse du serveur (succ\u00e8s, erreur, etc.) et d&rsquo;autres param\u00e8tres relatifs au syst\u00e8me d&rsquo;exploitation et \u00e0 l&rsquo;environnement informatique de l&rsquo;utilisateur.<\/p>\n<p>Ces donn\u00e9es sont utilis\u00e9es uniquement pour obtenir des informations statistiques anonymes sur l&rsquo;utilisation du site et pour en v\u00e9rifier le bon fonctionnement ; elles sont effac\u00e9es imm\u00e9diatement apr\u00e8s leur traitement. Les donn\u00e9es pourraient \u00eatre utilis\u00e9es pour d\u00e9terminer les responsabilit\u00e9s en cas de d\u00e9lits informatiques hypoth\u00e9tiques contre le site.<\/p>\n<h3>Donn\u00e9es fournies volontairement par l&rsquo;utilisateur<\/h3>\n<p align=\"justify\">Le Responsable collecte les donn\u00e9es personnelles saisies dans les formulaires d&rsquo;inscription ou de demande de services ou de produits, ainsi que les donn\u00e9es transmises \u00e0 l&rsquo;utilisateur par courrier \u00e9lectronique. Il s&rsquo;agit principalement d&rsquo;informations n\u00e9cessaires pour fournir \u00e0 l&rsquo;utilisateur les biens ou services demand\u00e9s ou pour le contacter en r\u00e9ponse \u00e0 sa demande d&rsquo;information.<\/p>\n<h3>Finalit\u00e9 du traitement des donn\u00e9es personnelles<\/h3>\n<p align=\"justify\">Le Responsable traite les donn\u00e9es personnelles des utilisateurs aux fins suivantes : a) pour les besoins li\u00e9s \u00e0 l&rsquo;autorisation, l&rsquo;activation et la personnalisation de l&rsquo;acc\u00e8s aux diff\u00e9rentes zones du site et \u00e0 leurs contenus ; b) pour les besoins li\u00e9s \u00e0 la conclusion et \u00e0 l&rsquo;ex\u00e9cution d&rsquo;un contrat \u00e0 la demande de l&rsquo;utilisateur ; c) pour ex\u00e9cuter un service ou une op\u00e9ration dans le cadre des activit\u00e9s ; d) pour les besoins de d\u00e9veloppement commercial, d&rsquo;analyse des relations avec les clients et de marketing, sous r\u00e9serve du consentement sp\u00e9cifique de l&rsquo;utilisateur.<\/p>\n<h3>Fourniture facultative des donn\u00e9es personnelles<\/h3>\n<p align=\"justify\">Sous r\u00e9serve de ce qui est sp\u00e9cifi\u00e9 pour les donn\u00e9es de navigation, l&rsquo;utilisateur peut fournir ou non ses donn\u00e9es personnelles dans les formulaires d&rsquo;inscription au site ou pour la demande de produits ou services disponibles sur le site, ou en envoyant une demande d&rsquo;information au site par courrier \u00e9lectronique.<\/p>\n<h3>Communication et\/ou diffusion des donn\u00e9es personnelles<\/h3>\n<p>Les donn\u00e9es personnelles des utilisateurs collect\u00e9es via le site seront accessibles aux organismes et employ\u00e9s officiellement d\u00e9sign\u00e9s et autoris\u00e9s au traitement. Les donn\u00e9es personnelles peuvent \u00eatre communiqu\u00e9es \u00e0 des tiers qui traitent des donn\u00e9es pour le compte du Responsable, nomm\u00e9s express\u00e9ment responsables du traitement, avec lesquels l&rsquo;entreprise a souscrit un contrat sp\u00e9cifique, garantissant qu&rsquo;ils ont mis en place des proc\u00e9dures visant \u00e0 garantir le respect des principes du RGPD.<\/p>\n<p>Le Responsable est autoris\u00e9, m\u00eame sans avoir obtenu de consentement pr\u00e9alable, \u00e0 communiquer les donn\u00e9es aux autorit\u00e9s de surveillance, autorit\u00e9s judiciaires et de s\u00e9curit\u00e9, ou \u00e0 des tiers, si cela est impos\u00e9 en conformit\u00e9 avec une obligation l\u00e9gale et\/ou par ces m\u00eames autorit\u00e9s.<\/p>\n<h3>Droits de la personne concern\u00e9e en ce qui concerne ses donn\u00e9es personnelles<\/h3>\n<p align=\"justify\">\u00c0 tout moment, vous pouvez exercer vos droits conform\u00e9ment aux articles 15 et suivants du R\u00e8glement europ\u00e9en 679\/2016. En particulier, vous pouvez :<\/p>\n<ul>\n<li>Obtenir la confirmation de l&rsquo;existence ou non de donn\u00e9es personnelles ;<\/li>\n<li>Obtenir leur communication sous forme intelligible ;<\/li>\n<li>Obtenir la rectification des donn\u00e9es (art. 16, RGPD) ;<\/li>\n<li>Obtenir l&rsquo;effacement des donn\u00e9es trait\u00e9es (art. 17 RGPD) ;<\/li>\n<li>Obtenir la limitation du traitement des donn\u00e9es (art. 18, RGPD) ;<\/li>\n<li>Obtenir la communication des tiers destinataires des demandes d&rsquo;intervention sur les donn\u00e9es (art. 19, RGPD) ;<\/li>\n<li>Vous opposer au traitement des donn\u00e9es (art. 21, RGPD) ;<\/li>\n<li>Obtenir la portabilit\u00e9 des donn\u00e9es ;<\/li>\n<li>Retirer votre consentement au traitement de vos donn\u00e9es sans pr\u00e9judice de la l\u00e9gitimit\u00e9 du traitement fond\u00e9 sur le consentement donn\u00e9 avant le retrait ;<\/li>\n<li>D\u00e9poser une plainte aupr\u00e8s de l&rsquo;autorit\u00e9 de surveillance concernant la l\u00e9gitimit\u00e9 du traitement des donn\u00e9es.<\/li>\n<\/ul>\n<p>Toute communication doit \u00eatre envoy\u00e9e au Responsable \u00e0 l&rsquo;adresse e-mail suivante: <a href=\"mailto:ptm@ptmsrl.com\" rel=\"noopener\">ptm@ptmsrl.com<\/a><\/p>\n<h3>Modifications de la Politique de Confidentialit\u00e9<\/h3>\n<p align=\"justify\">Le Responsable se r\u00e9serve le droit d&rsquo;apporter des modifications \u00e0 ce document afin d&rsquo;adopter des changements l\u00e9gislatifs ou de se conformer aux innovations technologiques. Les utilisateurs sont invit\u00e9s \u00e0 consulter r\u00e9guli\u00e8rement cette Politique de Confidentialit\u00e9 pour v\u00e9rifier d&rsquo;\u00e9ventuelles mises \u00e0 jour ou r\u00e9visions n\u00e9cessaires.<\/p>\n\n\t\t<\/div>\n\t\t\t\t\n<style>\n#col-1662255711 > .col-inner {\n  padding: 50px 0px 0px 0px;\n}\n<\/style>\n\t<\/div>\n\n\t\n\n<\/div>\n\n","protected":false},"excerpt":{"rendered":"","protected":false},"author":1,"featured_media":0,"parent":0,"menu_order":0,"comment_status":"closed","ping_status":"closed","template":"page-blank.php","meta":{"inline_featured_image":false,"footnotes":""},"class_list":["post-535","page","type-page","status-publish","hentry"],"yoast_head":"<!-- This site is optimized with the Yoast SEO plugin v23.8 - https:\/\/yoast.com\/wordpress\/plugins\/seo\/ -->\n<title>Privacy Policy - Feeding Farm<\/title>\n<meta name=\"robots\" content=\"noindex, follow\" \/>\n<meta property=\"og:locale\" content=\"fr_FR\" \/>\n<meta property=\"og:type\" content=\"article\" \/>\n<meta property=\"og:title\" content=\"Privacy Policy - Feeding Farm\" \/>\n<meta property=\"og:url\" content=\"https:\/\/feedingfarm.com\/fr\/privacy-policy\/\" \/>\n<meta property=\"og:site_name\" content=\"Feeding Farm\" \/>\n<meta property=\"article:modified_time\" content=\"2024-11-11T16:59:18+00:00\" \/>\n<meta name=\"twitter:card\" content=\"summary_large_image\" \/>\n<meta name=\"twitter:label1\" content=\"Dur\u00e9e de lecture estim\u00e9e\" \/>\n\t<meta name=\"twitter:data1\" content=\"6 minutes\" \/>\n<script type=\"application\/ld+json\" class=\"yoast-schema-graph\">{\"@context\":\"https:\/\/schema.org\",\"@graph\":[{\"@type\":\"WebPage\",\"@id\":\"https:\/\/feedingfarm.com\/fr\/privacy-policy\/\",\"url\":\"https:\/\/feedingfarm.com\/fr\/privacy-policy\/\",\"name\":\"Privacy Policy - Feeding Farm\",\"isPartOf\":{\"@id\":\"https:\/\/feedingfarm.com\/#website\"},\"datePublished\":\"2024-09-27T13:40:07+00:00\",\"dateModified\":\"2024-11-11T16:59:18+00:00\",\"breadcrumb\":{\"@id\":\"https:\/\/feedingfarm.com\/fr\/privacy-policy\/#breadcrumb\"},\"inLanguage\":\"fr-FR\",\"potentialAction\":[{\"@type\":\"ReadAction\",\"target\":[\"https:\/\/feedingfarm.com\/fr\/privacy-policy\/\"]}]},{\"@type\":\"BreadcrumbList\",\"@id\":\"https:\/\/feedingfarm.com\/fr\/privacy-policy\/#breadcrumb\",\"itemListElement\":[{\"@type\":\"ListItem\",\"position\":1,\"name\":\"Home\",\"item\":\"https:\/\/feedingfarm.com\/fr\/\"},{\"@type\":\"ListItem\",\"position\":2,\"name\":\"Privacy Policy\"}]},{\"@type\":\"WebSite\",\"@id\":\"https:\/\/feedingfarm.com\/#website\",\"url\":\"https:\/\/feedingfarm.com\/\",\"name\":\"Feeding Farm\",\"description\":\"Optimize the Feeding of Your Farm\",\"publisher\":{\"@id\":\"https:\/\/feedingfarm.com\/#organization\"},\"potentialAction\":[{\"@type\":\"SearchAction\",\"target\":{\"@type\":\"EntryPoint\",\"urlTemplate\":\"https:\/\/feedingfarm.com\/?s={search_term_string}\"},\"query-input\":{\"@type\":\"PropertyValueSpecification\",\"valueRequired\":true,\"valueName\":\"search_term_string\"}}],\"inLanguage\":\"fr-FR\"},{\"@type\":\"Organization\",\"@id\":\"https:\/\/feedingfarm.com\/#organization\",\"name\":\"Feeding Farm\",\"url\":\"https:\/\/feedingfarm.com\/\",\"logo\":{\"@type\":\"ImageObject\",\"inLanguage\":\"fr-FR\",\"@id\":\"https:\/\/feedingfarm.com\/#\/schema\/logo\/image\/\",\"url\":\"https:\/\/feedingfarm.com\/wp-content\/uploads\/2024\/10\/N3-Feeding-Farm-Logotipo-colori.svg\",\"contentUrl\":\"https:\/\/feedingfarm.com\/wp-content\/uploads\/2024\/10\/N3-Feeding-Farm-Logotipo-colori.svg\",\"width\":1,\"height\":1,\"caption\":\"Feeding Farm\"},\"image\":{\"@id\":\"https:\/\/feedingfarm.com\/#\/schema\/logo\/image\/\"}}]}<\/script>\n<!-- \/ Yoast SEO plugin. -->","yoast_head_json":{"title":"Privacy Policy - Feeding Farm","robots":{"index":"noindex","follow":"follow"},"og_locale":"fr_FR","og_type":"article","og_title":"Privacy Policy - Feeding Farm","og_url":"https:\/\/feedingfarm.com\/fr\/privacy-policy\/","og_site_name":"Feeding Farm","article_modified_time":"2024-11-11T16:59:18+00:00","twitter_card":"summary_large_image","twitter_misc":{"Dur\u00e9e de lecture estim\u00e9e":"6 minutes"},"schema":{"@context":"https:\/\/schema.org","@graph":[{"@type":"WebPage","@id":"https:\/\/feedingfarm.com\/fr\/privacy-policy\/","url":"https:\/\/feedingfarm.com\/fr\/privacy-policy\/","name":"Privacy Policy - Feeding Farm","isPartOf":{"@id":"https:\/\/feedingfarm.com\/#website"},"datePublished":"2024-09-27T13:40:07+00:00","dateModified":"2024-11-11T16:59:18+00:00","breadcrumb":{"@id":"https:\/\/feedingfarm.com\/fr\/privacy-policy\/#breadcrumb"},"inLanguage":"fr-FR","potentialAction":[{"@type":"ReadAction","target":["https:\/\/feedingfarm.com\/fr\/privacy-policy\/"]}]},{"@type":"BreadcrumbList","@id":"https:\/\/feedingfarm.com\/fr\/privacy-policy\/#breadcrumb","itemListElement":[{"@type":"ListItem","position":1,"name":"Home","item":"https:\/\/feedingfarm.com\/fr\/"},{"@type":"ListItem","position":2,"name":"Privacy Policy"}]},{"@type":"WebSite","@id":"https:\/\/feedingfarm.com\/#website","url":"https:\/\/feedingfarm.com\/","name":"Feeding Farm","description":"Optimize the Feeding of Your Farm","publisher":{"@id":"https:\/\/feedingfarm.com\/#organization"},"potentialAction":[{"@type":"SearchAction","target":{"@type":"EntryPoint","urlTemplate":"https:\/\/feedingfarm.com\/?s={search_term_string}"},"query-input":{"@type":"PropertyValueSpecification","valueRequired":true,"valueName":"search_term_string"}}],"inLanguage":"fr-FR"},{"@type":"Organization","@id":"https:\/\/feedingfarm.com\/#organization","name":"Feeding Farm","url":"https:\/\/feedingfarm.com\/","logo":{"@type":"ImageObject","inLanguage":"fr-FR","@id":"https:\/\/feedingfarm.com\/#\/schema\/logo\/image\/","url":"https:\/\/feedingfarm.com\/wp-content\/uploads\/2024\/10\/N3-Feeding-Farm-Logotipo-colori.svg","contentUrl":"https:\/\/feedingfarm.com\/wp-content\/uploads\/2024\/10\/N3-Feeding-Farm-Logotipo-colori.svg","width":1,"height":1,"caption":"Feeding Farm"},"image":{"@id":"https:\/\/feedingfarm.com\/#\/schema\/logo\/image\/"}}]}},"_links":{"self":[{"href":"https:\/\/feedingfarm.com\/fr\/wp-json\/wp\/v2\/pages\/535","targetHints":{"allow":["GET"]}}],"collection":[{"href":"https:\/\/feedingfarm.com\/fr\/wp-json\/wp\/v2\/pages"}],"about":[{"href":"https:\/\/feedingfarm.com\/fr\/wp-json\/wp\/v2\/types\/page"}],"author":[{"embeddable":true,"href":"https:\/\/feedingfarm.com\/fr\/wp-json\/wp\/v2\/users\/1"}],"replies":[{"embeddable":true,"href":"https:\/\/feedingfarm.com\/fr\/wp-json\/wp\/v2\/comments?post=535"}],"version-history":[{"count":2,"href":"https:\/\/feedingfarm.com\/fr\/wp-json\/wp\/v2\/pages\/535\/revisions"}],"predecessor-version":[{"id":537,"href":"https:\/\/feedingfarm.com\/fr\/wp-json\/wp\/v2\/pages\/535\/revisions\/537"}],"wp:attachment":[{"href":"https:\/\/feedingfarm.com\/fr\/wp-json\/wp\/v2\/media?parent=535"}],"curies":[{"name":"wp","href":"https:\/\/api.w.org\/{rel}","templated":true}]}}