{"id":559,"date":"2024-09-27T15:40:07","date_gmt":"2024-09-27T13:40:07","guid":{"rendered":"https:\/\/feedingfarm.com\/?page_id=559"},"modified":"2024-11-13T16:44:06","modified_gmt":"2024-11-13T15:44:06","slug":"privacy-policy","status":"publish","type":"page","link":"https:\/\/feedingfarm.com\/es\/privacy-policy\/","title":{"rendered":"Privacy Policy"},"content":{"rendered":"\n  <div id=\"page-header-215453435\" class=\"page-header-wrapper\">\n  <div class=\"page-title dark featured-title\">\n\n    \n    <div class=\"page-title-inner container align-center flex-row medium-flex-wrap\" >\n              <div class=\"title-wrapper flex-col text-left medium-text-center\">\n          <h1 class=\"entry-title mb-0\">\n            Privacy Policy          <\/h1>\n        <\/div>\n                    <div class=\"title-content flex-col flex-right text-right medium-text-center\">\n        <div class=\"title-breadcrumbs pb-half pt-half\"><\/div>      <\/div>\n    <\/div>\n\n       <\/div>\n    <\/div>\n  \n\n<div class=\"row\"  id=\"row-1069755339\">\n\n\n\t<div id=\"col-1291032884\" class=\"col small-12 large-12\"  >\n\t\t\t\t<div class=\"col-inner\"  >\n\t\t\t\n\t\t\t\n\n<p><strong>PTM S.r.l.<\/strong> considera la privacidad de los usuarios esencial y garantiza que el tratamiento de los datos personales introducidos, recopilados y utilizados a trav\u00e9s del sitio web <a href=\"http:\/\/www.ptmsrl.com\" target=\"_new\" rel=\"noopener\">www.ptmsrl.com<\/a> se realiza de acuerdo con los derechos de la persona interesada, en particular en lo que respecta a la protecci\u00f3n de la privacidad, la identidad personal y el derecho a la protecci\u00f3n de los datos personales, conforme al Reglamento (UE) 2016\/679 (Reglamento General de Protecci\u00f3n de Datos, en adelante \u00abRGPD\u00bb).<\/p>\n<p>Esta Pol\u00edtica de Privacidad es equivalente a la prevista en el art\u00edculo 13 del RGPD, en todos los aspectos relacionados con la gesti\u00f3n del sitio y el tratamiento de los datos personales de los usuarios.<\/p>\n<h3>Responsable del tratamiento de datos<\/h3>\n<p>El Responsable es PTM S.r.l., representado por su representante legal temporal. Se entiende por \u00abtratamiento\u00bb \u2013 como se especifica en el art\u00edculo 4 del RGPD \u2013 cualquier operaci\u00f3n o conjunto de operaciones realizadas con o sin ayuda de procesos automatizados y aplicadas a datos personales, tales como recogida, registro, organizaci\u00f3n, estructuraci\u00f3n, conservaci\u00f3n, adaptaci\u00f3n o modificaci\u00f3n, extracci\u00f3n, consulta, uso, comunicaci\u00f3n por transmisi\u00f3n, difusi\u00f3n o cualquier otra forma de disposici\u00f3n, comparaci\u00f3n o interconexi\u00f3n, restricci\u00f3n, borrado o destrucci\u00f3n.<\/p>\n<p>Se entiende por \u00abdatos personales\u00bb toda informaci\u00f3n relativa a una persona f\u00edsica identificada o identificable (\u00abpersona interesada\u00bb); se considera identificable a la persona f\u00edsica que puede ser identificada, directa o indirectamente, en particular mediante un identificador como un nombre, n\u00famero de identificaci\u00f3n, datos de localizaci\u00f3n, un identificador en l\u00ednea o a uno o varios elementos espec\u00edficos de su identidad f\u00edsica, fisiol\u00f3gica, gen\u00e9tica, ps\u00edquica, econ\u00f3mica, cultural o social.<\/p>\n<p>Esta Pol\u00edtica de Privacidad se aplica a los datos personales de los usuarios recopilados a trav\u00e9s del sitio web.<\/p>\n<p>El Responsable puede recopilar algunos datos personales de los usuarios, tales como nombre, apellidos, direcci\u00f3n de correo electr\u00f3nico, identificaci\u00f3n de usuario y contrase\u00f1a, informaci\u00f3n agregada durante la navegaci\u00f3n en el sitio, y otros datos personales proporcionados voluntariamente por el usuario durante el registro o al solicitar productos o servicios ofrecidos en el sitio, o al enviar una consulta de informaci\u00f3n al sitio a trav\u00e9s de correo electr\u00f3nico. Los contenidos est\u00e1n disponibles para los usuarios sin necesidad de proporcionar sus datos personales. Algunas secciones podr\u00edan estar accesibles exclusivamente para usuarios registrados.<\/p>\n<p>Los datos personales del usuario pueden ser tratados mediante medios automatizados, (i) durante la navegaci\u00f3n, (ii) al registrarse en el sitio (necesario para poder utilizar los servicios o adquirir productos ofrecidos en el sitio), (iii) en el momento de la solicitud de suministro de productos o servicios espec\u00edficos. Adem\u00e1s, si el usuario se pone en contacto con nosotros para solicitar informaci\u00f3n, recopilaremos sus datos personales para proporcionarle una respuesta.<\/p>\n<p>El Responsable procesar\u00e1 los datos personales durante el tiempo estrictamente necesario para cumplir con los fines expresados en esta informaci\u00f3n, salvo el cumplimiento de requisitos legales y\/o reglamentarios.<\/p>\n<h3>Datos de navegaci\u00f3n en la web<\/h3>\n<p>Los sistemas inform\u00e1ticos y los procedimientos de software necesarios para el funcionamiento del sitio adquieren, en el transcurso de su actividad normal, algunos datos personales cuya transmisi\u00f3n est\u00e1 impl\u00edcita en el uso de los protocolos de comunicaci\u00f3n de Internet. Se trata de informaci\u00f3n que no se recopila con el fin de asociarla a personas identificadas, pero que, por su naturaleza, podr\u00eda permitir la identificaci\u00f3n de los usuarios mediante su procesamiento y asociaci\u00f3n con datos en poder de terceros. Entre estos datos se encuentran las direcciones IP o nombres de dominio de los ordenadores utilizados por los usuarios que se conectan al sitio, direcciones en notaci\u00f3n URI (Identificador Uniforme de Recursos) de los recursos solicitados, hora de la solicitud, m\u00e9todo utilizado para enviar la solicitud al servidor, el tama\u00f1o del archivo obtenido como respuesta, el c\u00f3digo num\u00e9rico que indica el estado de la respuesta del servidor (\u00e9xito, error, etc.) y otros par\u00e1metros relacionados con el sistema operativo y el entorno inform\u00e1tico del usuario.<\/p>\n<p>Estos datos se utilizan \u00fanicamente para obtener informaci\u00f3n estad\u00edstica an\u00f3nima sobre el uso del sitio y para comprobar su correcto funcionamiento; se eliminan inmediatamente despu\u00e9s de su procesamiento. Los datos podr\u00edan utilizarse para determinar responsabilidades en caso de delitos inform\u00e1ticos hipot\u00e9ticos contra el sitio.<\/p>\n<h3>Datos proporcionados voluntariamente por el usuario<\/h3>\n<p align=\"justify\">El Responsable recopila los datos personales introducidos en los formularios de registro o de solicitud de servicios o productos, as\u00ed como los datos enviados al usuario a trav\u00e9s de correo electr\u00f3nico. Principalmente se trata de informaci\u00f3n necesaria para proporcionar al usuario los bienes o servicios solicitados o para contactar al usuario en respuesta a su solicitud de informaci\u00f3n.<\/p>\n<h3>Finalidad del tratamiento de los datos personales<\/h3>\n<p align=\"justify\">El Responsable tratar\u00e1 los datos personales de los usuarios para los siguientes fines: a) para la autorizaci\u00f3n, activaci\u00f3n y personalizaci\u00f3n del acceso a las diferentes \u00e1reas del sitio y a sus contenidos; b) para la conclusi\u00f3n y ejecuci\u00f3n de un contrato a solicitud del usuario; c) para la ejecuci\u00f3n de un servicio o una operaci\u00f3n en el \u00e1mbito de las actividades; d) para el desarrollo comercial, an\u00e1lisis de informes con clientes y marketing, previa autorizaci\u00f3n espec\u00edfica del usuario.<\/p>\n<h3>Suministro opcional de datos personales<\/h3>\n<p align=\"justify\">Con sujeci\u00f3n a lo especificado para los datos de navegaci\u00f3n, el usuario puede o no suministrar sus datos personales en los formularios de registro del sitio o para la solicitud de bienes o servicios disponibles en el sitio, es decir, mediante el env\u00edo de una consulta de informaci\u00f3n al sitio a trav\u00e9s de correo electr\u00f3nico.<\/p>\n<h3>Comunicaci\u00f3n y\/o difusi\u00f3n de los datos personales<\/h3>\n<p>Los datos personales de los usuarios recopilados a trav\u00e9s del sitio ser\u00e1n accesibles para los organismos y empleados oficialmente designados y autorizados para el tratamiento. Los datos personales pueden ser comunicados a terceros que procesen datos en nombre del Responsable, expresamente nombrados responsables del tratamiento, con los cuales la empresa ha suscrito un contrato espec\u00edfico, garantizando que han implementado procedimientos para asegurar el respeto de los principios del RGPD.<\/p>\n<p>El Responsable est\u00e1 legitimado, incluso sin haber obtenido ning\u00fan consentimiento previo, a comunicar los datos a las autoridades de supervisi\u00f3n, autoridades judiciales y de seguridad, o a terceros, si se les exige en cumplimiento de una obligaci\u00f3n legal y\/o por dichas autoridades.<\/p>\n<h3>Derechos de la persona interesada con respecto a sus datos personales<\/h3>\n<p align=\"justify\">En cualquier momento, puede ejercer sus derechos conforme a los art\u00edculos 15 y siguientes del Reglamento europeo 679\/2016. En particular, puede:<\/p>\n<ul>\n<li>Obtener la confirmaci\u00f3n de la existencia o no de datos personales;<\/li>\n<li>Obtener su comunicaci\u00f3n en forma inteligible;<\/li>\n<li>Obtener la correcci\u00f3n de los datos (art. 16, RGPD);<\/li>\n<li>Obtener la eliminaci\u00f3n de los datos tratados (art. 17 RGPD);<\/li>\n<li>Obtener la limitaci\u00f3n del tratamiento de los datos (art. 18, RGPD);<\/li>\n<li>Obtener la comunicaci\u00f3n de terceros destinatarios sobre solicitudes de intervenci\u00f3n en los datos (art. 19, RGPD);<\/li>\n<li>Oponerse al tratamiento de datos (art. 21, RGPD);<\/li>\n<li>Obtener la portabilidad de los datos;<\/li>\n<li>Retirar su consentimiento al tratamiento de sus datos sin que esto afecte a la legalidad del tratamiento basado en el consentimiento otorgado antes del retiro;<\/li>\n<li>Presentar una reclamaci\u00f3n ante la autoridad de control sobre la legitimidad del tratamiento de datos.<\/li>\n<\/ul>\n<p>Toda comunicaci\u00f3n deber\u00e1 enviarse al Responsable a la siguiente direcci\u00f3n de correo electr\u00f3nico: <a href=\"mailto:ptm@ptmsrl.com\" rel=\"noopener\">ptm@ptmsrl.com<\/a><\/p>\n<h3>Modificaciones a la Pol\u00edtica de Privacidad<\/h3>\n<p align=\"justify\">El Responsable se reserva el derecho de realizar cambios en este documento con el fin de adoptar modificaciones en la legislaci\u00f3n o para cumplir con innovaciones tecnol\u00f3gicas. Se pide a los usuarios que consulten regularmente esta Pol\u00edtica de Privacidad para verificar posibles actualizaciones o revisiones que pudieran ser necesarias.<\/p>\n\n\t\t<\/div>\n\t\t\t\t\n<style>\n#col-1291032884 > .col-inner {\n  padding: 50px 0px 0px 0px;\n}\n<\/style>\n\t<\/div>\n\n\t\n\n<\/div>\n\n","protected":false},"excerpt":{"rendered":"","protected":false},"author":1,"featured_media":0,"parent":0,"menu_order":0,"comment_status":"closed","ping_status":"closed","template":"page-blank.php","meta":{"inline_featured_image":false,"footnotes":""},"class_list":["post-559","page","type-page","status-publish","hentry"],"yoast_head":"<!-- This site is optimized with the Yoast SEO plugin v23.8 - https:\/\/yoast.com\/wordpress\/plugins\/seo\/ -->\n<title>Privacy Policy - Feeding Farm<\/title>\n<meta name=\"robots\" content=\"noindex, follow\" \/>\n<meta property=\"og:locale\" content=\"es_ES\" \/>\n<meta property=\"og:type\" content=\"article\" \/>\n<meta property=\"og:title\" content=\"Privacy Policy - Feeding Farm\" \/>\n<meta property=\"og:url\" content=\"https:\/\/feedingfarm.com\/es\/privacy-policy\/\" \/>\n<meta property=\"og:site_name\" content=\"Feeding Farm\" \/>\n<meta property=\"article:modified_time\" content=\"2024-11-13T15:44:06+00:00\" \/>\n<meta name=\"twitter:card\" content=\"summary_large_image\" \/>\n<meta name=\"twitter:label1\" content=\"Tiempo de lectura\" \/>\n\t<meta name=\"twitter:data1\" content=\"6 minutos\" \/>\n<script type=\"application\/ld+json\" class=\"yoast-schema-graph\">{\"@context\":\"https:\/\/schema.org\",\"@graph\":[{\"@type\":\"WebPage\",\"@id\":\"https:\/\/feedingfarm.com\/es\/privacy-policy\/\",\"url\":\"https:\/\/feedingfarm.com\/es\/privacy-policy\/\",\"name\":\"Privacy Policy - Feeding Farm\",\"isPartOf\":{\"@id\":\"https:\/\/feedingfarm.com\/#website\"},\"datePublished\":\"2024-09-27T13:40:07+00:00\",\"dateModified\":\"2024-11-13T15:44:06+00:00\",\"breadcrumb\":{\"@id\":\"https:\/\/feedingfarm.com\/es\/privacy-policy\/#breadcrumb\"},\"inLanguage\":\"es\",\"potentialAction\":[{\"@type\":\"ReadAction\",\"target\":[\"https:\/\/feedingfarm.com\/es\/privacy-policy\/\"]}]},{\"@type\":\"BreadcrumbList\",\"@id\":\"https:\/\/feedingfarm.com\/es\/privacy-policy\/#breadcrumb\",\"itemListElement\":[{\"@type\":\"ListItem\",\"position\":1,\"name\":\"Home\",\"item\":\"https:\/\/feedingfarm.com\/it\/\"},{\"@type\":\"ListItem\",\"position\":2,\"name\":\"Privacy Policy\"}]},{\"@type\":\"WebSite\",\"@id\":\"https:\/\/feedingfarm.com\/#website\",\"url\":\"https:\/\/feedingfarm.com\/\",\"name\":\"Feeding Farm\",\"description\":\"Optimize the Feeding of Your Farm\",\"publisher\":{\"@id\":\"https:\/\/feedingfarm.com\/#organization\"},\"potentialAction\":[{\"@type\":\"SearchAction\",\"target\":{\"@type\":\"EntryPoint\",\"urlTemplate\":\"https:\/\/feedingfarm.com\/?s={search_term_string}\"},\"query-input\":{\"@type\":\"PropertyValueSpecification\",\"valueRequired\":true,\"valueName\":\"search_term_string\"}}],\"inLanguage\":\"es\"},{\"@type\":\"Organization\",\"@id\":\"https:\/\/feedingfarm.com\/#organization\",\"name\":\"Feeding Farm\",\"url\":\"https:\/\/feedingfarm.com\/\",\"logo\":{\"@type\":\"ImageObject\",\"inLanguage\":\"es\",\"@id\":\"https:\/\/feedingfarm.com\/#\/schema\/logo\/image\/\",\"url\":\"https:\/\/feedingfarm.com\/wp-content\/uploads\/2024\/10\/N3-Feeding-Farm-Logotipo-colori.svg\",\"contentUrl\":\"https:\/\/feedingfarm.com\/wp-content\/uploads\/2024\/10\/N3-Feeding-Farm-Logotipo-colori.svg\",\"width\":1,\"height\":1,\"caption\":\"Feeding Farm\"},\"image\":{\"@id\":\"https:\/\/feedingfarm.com\/#\/schema\/logo\/image\/\"}}]}<\/script>\n<!-- \/ Yoast SEO plugin. -->","yoast_head_json":{"title":"Privacy Policy - Feeding Farm","robots":{"index":"noindex","follow":"follow"},"og_locale":"es_ES","og_type":"article","og_title":"Privacy Policy - Feeding Farm","og_url":"https:\/\/feedingfarm.com\/es\/privacy-policy\/","og_site_name":"Feeding Farm","article_modified_time":"2024-11-13T15:44:06+00:00","twitter_card":"summary_large_image","twitter_misc":{"Tiempo de lectura":"6 minutos"},"schema":{"@context":"https:\/\/schema.org","@graph":[{"@type":"WebPage","@id":"https:\/\/feedingfarm.com\/es\/privacy-policy\/","url":"https:\/\/feedingfarm.com\/es\/privacy-policy\/","name":"Privacy Policy - Feeding Farm","isPartOf":{"@id":"https:\/\/feedingfarm.com\/#website"},"datePublished":"2024-09-27T13:40:07+00:00","dateModified":"2024-11-13T15:44:06+00:00","breadcrumb":{"@id":"https:\/\/feedingfarm.com\/es\/privacy-policy\/#breadcrumb"},"inLanguage":"es","potentialAction":[{"@type":"ReadAction","target":["https:\/\/feedingfarm.com\/es\/privacy-policy\/"]}]},{"@type":"BreadcrumbList","@id":"https:\/\/feedingfarm.com\/es\/privacy-policy\/#breadcrumb","itemListElement":[{"@type":"ListItem","position":1,"name":"Home","item":"https:\/\/feedingfarm.com\/it\/"},{"@type":"ListItem","position":2,"name":"Privacy Policy"}]},{"@type":"WebSite","@id":"https:\/\/feedingfarm.com\/#website","url":"https:\/\/feedingfarm.com\/","name":"Feeding Farm","description":"Optimize the Feeding of Your Farm","publisher":{"@id":"https:\/\/feedingfarm.com\/#organization"},"potentialAction":[{"@type":"SearchAction","target":{"@type":"EntryPoint","urlTemplate":"https:\/\/feedingfarm.com\/?s={search_term_string}"},"query-input":{"@type":"PropertyValueSpecification","valueRequired":true,"valueName":"search_term_string"}}],"inLanguage":"es"},{"@type":"Organization","@id":"https:\/\/feedingfarm.com\/#organization","name":"Feeding Farm","url":"https:\/\/feedingfarm.com\/","logo":{"@type":"ImageObject","inLanguage":"es","@id":"https:\/\/feedingfarm.com\/#\/schema\/logo\/image\/","url":"https:\/\/feedingfarm.com\/wp-content\/uploads\/2024\/10\/N3-Feeding-Farm-Logotipo-colori.svg","contentUrl":"https:\/\/feedingfarm.com\/wp-content\/uploads\/2024\/10\/N3-Feeding-Farm-Logotipo-colori.svg","width":1,"height":1,"caption":"Feeding Farm"},"image":{"@id":"https:\/\/feedingfarm.com\/#\/schema\/logo\/image\/"}}]}},"_links":{"self":[{"href":"https:\/\/feedingfarm.com\/es\/wp-json\/wp\/v2\/pages\/559","targetHints":{"allow":["GET"]}}],"collection":[{"href":"https:\/\/feedingfarm.com\/es\/wp-json\/wp\/v2\/pages"}],"about":[{"href":"https:\/\/feedingfarm.com\/es\/wp-json\/wp\/v2\/types\/page"}],"author":[{"embeddable":true,"href":"https:\/\/feedingfarm.com\/es\/wp-json\/wp\/v2\/users\/1"}],"replies":[{"embeddable":true,"href":"https:\/\/feedingfarm.com\/es\/wp-json\/wp\/v2\/comments?post=559"}],"version-history":[{"count":2,"href":"https:\/\/feedingfarm.com\/es\/wp-json\/wp\/v2\/pages\/559\/revisions"}],"predecessor-version":[{"id":561,"href":"https:\/\/feedingfarm.com\/es\/wp-json\/wp\/v2\/pages\/559\/revisions\/561"}],"wp:attachment":[{"href":"https:\/\/feedingfarm.com\/es\/wp-json\/wp\/v2\/media?parent=559"}],"curies":[{"name":"wp","href":"https:\/\/api.w.org\/{rel}","templated":true}]}}